{"id":19,"date":"2023-09-12T07:53:56","date_gmt":"2023-09-12T06:53:56","guid":{"rendered":"https:\/\/ovechristensen.dk\/?page_id=19"},"modified":"2025-09-19T05:42:26","modified_gmt":"2025-09-19T04:42:26","slug":"side-2","status":"publish","type":"page","link":"https:\/\/ovechristensen.dk\/","title":{"rendered":"Oves hjemmeside"},"content":{"rendered":"\n[et_pb_section][et_pb_row][et_pb_column type=&#8221;4_4&#8243;][et_pb_text]<!-- divi:cover {\"url\":\"http:\/\/ovechristensen.dk\/wp-content\/uploads\/2023\/09\/bibliotek-ruin.jpg\",\"id\":31,\"dimRatio\":50,\"style\":{\"color\":{}}} -->\n<div class=\"wp-block-cover\"><img loading=\"lazy\" decoding=\"async\" width=\"1280\" height=\"887\" class=\"wp-block-cover__image-background wp-image-31\" alt=\"\" src=\"http:\/\/ovechristensen.dk\/wp-content\/uploads\/2023\/09\/bibliotek-ruin.jpg\" data-object-fit=\"cover\" srcset=\"https:\/\/ovechristensen.dk\/wp-content\/uploads\/2023\/09\/bibliotek-ruin.jpg 1280w, https:\/\/ovechristensen.dk\/wp-content\/uploads\/2023\/09\/bibliotek-ruin-300x208.jpg 300w, https:\/\/ovechristensen.dk\/wp-content\/uploads\/2023\/09\/bibliotek-ruin-1024x710.jpg 1024w, https:\/\/ovechristensen.dk\/wp-content\/uploads\/2023\/09\/bibliotek-ruin-768x532.jpg 768w\" sizes=\"auto, (max-width: 1280px) 100vw, 1280px\" \/><span aria-hidden=\"true\" class=\"wp-block-cover__background has-background-dim\"><\/span><div class=\"wp-block-cover__inner-container\"><!-- divi:heading {\"textAlign\":\"center\"} -->\n<h2 class=\"wp-block-heading has-text-align-center\">Undskyld rodet<\/h2>\n<!-- \/divi:heading -->\n\n<!-- divi:heading {\"textAlign\":\"center\",\"level\":3} -->\n<h3 class=\"wp-block-heading has-text-align-center\">&#8211; siden er under konstruktion<\/h3>\n<!-- \/divi:heading --><\/div><\/div>\n<!-- \/divi:cover -->\n\n<!-- divi:paragraph {\"fontSize\":\"medium\"} -->\n<p class=\"has-medium-font-size\"><strong>Du finder min forel\u00f8bige hjemmeside <a href=\"https:\/\/sites.google.com\/view\/ovechristensen\/\">her<\/a><\/strong><\/p>\n<!-- \/divi:paragraph -->\n\n<!-- divi:paragraph {\"fontSize\":\"medium\"} -->\n<p class=\"has-medium-font-size\">Du kan ogs\u00e5 inds\u00e6tte f\u00f8lgende URL i din browser: https:\/\/sites.google.com\/view\/ovechristensen\/<\/p>\n<!-- \/divi:paragraph -->\n\n<!-- divi:paragraph {\"fontSize\":\"medium\"} -->\n<p class=\"has-medium-font-size\">Skriv til mig: <a href=\"mailto:ove@ovechristensen.dk\">ove@ovechristensen.dk<\/a><\/p>\n<!-- \/divi:paragraph -->\n\n<!-- divi:image {\"id\":59,\"width\":\"508px\",\"height\":\"604px\",\"sizeSlug\":\"large\",\"linkDestination\":\"none\",\"style\":{\"color\":{\"duotone\":\"var:preset|duotone|grayscale\"}}} -->\n<figure class=\"wp-block-image size-large is-resized\"><img loading=\"lazy\" decoding=\"async\" width=\"862\" height=\"1024\" src=\"https:\/\/ovechristensen.dk\/wp-content\/uploads\/2023\/09\/Selvportraet-2023-1-862x1024.png\" alt=\"\" class=\"wp-image-59\" style=\"width:508px;height:604px\" srcset=\"https:\/\/ovechristensen.dk\/wp-content\/uploads\/2023\/09\/Selvportraet-2023-1-862x1024.png 862w, https:\/\/ovechristensen.dk\/wp-content\/uploads\/2023\/09\/Selvportraet-2023-1-252x300.png 252w, https:\/\/ovechristensen.dk\/wp-content\/uploads\/2023\/09\/Selvportraet-2023-1-768x913.png 768w, https:\/\/ovechristensen.dk\/wp-content\/uploads\/2023\/09\/Selvportraet-2023-1.png 870w\" sizes=\"auto, (max-width: 862px) 100vw, 862px\" \/><\/figure>\n<!-- \/divi:image -->[\/et_pb_text][\/et_pb_column][\/et_pb_row][\/et_pb_section]\n","protected":false},"excerpt":{"rendered":"","protected":false},"author":1,"featured_media":31,"parent":0,"menu_order":0,"comment_status":"closed","ping_status":"closed","template":"","meta":{"footnotes":""},"class_list":["post-19","page","type-page","status-publish","has-post-thumbnail","hentry"],"_links":{"self":[{"href":"https:\/\/ovechristensen.dk\/index.php?rest_route=\/wp\/v2\/pages\/19","targetHints":{"allow":["GET"]}}],"collection":[{"href":"https:\/\/ovechristensen.dk\/index.php?rest_route=\/wp\/v2\/pages"}],"about":[{"href":"https:\/\/ovechristensen.dk\/index.php?rest_route=\/wp\/v2\/types\/page"}],"author":[{"embeddable":true,"href":"https:\/\/ovechristensen.dk\/index.php?rest_route=\/wp\/v2\/users\/1"}],"replies":[{"embeddable":true,"href":"https:\/\/ovechristensen.dk\/index.php?rest_route=%2Fwp%2Fv2%2Fcomments&post=19"}],"version-history":[{"count":14,"href":"https:\/\/ovechristensen.dk\/index.php?rest_route=\/wp\/v2\/pages\/19\/revisions"}],"predecessor-version":[{"id":174,"href":"https:\/\/ovechristensen.dk\/index.php?rest_route=\/wp\/v2\/pages\/19\/revisions\/174"}],"wp:featuredmedia":[{"embeddable":true,"href":"https:\/\/ovechristensen.dk\/index.php?rest_route=\/wp\/v2\/media\/31"}],"wp:attachment":[{"href":"https:\/\/ovechristensen.dk\/index.php?rest_route=%2Fwp%2Fv2%2Fmedia&parent=19"}],"curies":[{"name":"wp","href":"https:\/\/api.w.org\/{rel}","templated":true}]}}